{"id":2,"date":"2016-05-10T03:48:21","date_gmt":"2016-05-10T03:48:21","guid":{"rendered":"http:\/\/swishfactory.de\/?page_id=2"},"modified":"2025-12-23T23:08:23","modified_gmt":"2025-12-23T23:08:23","slug":"sample-page","status":"publish","type":"page","link":"https:\/\/swishfactory.de\/","title":{"rendered":"swish factory nbg"},"content":{"rendered":"\n<h1 class=\"wp-block-heading has-ast-global-color-5-color has-text-color has-link-color wp-elements-160dac86ac72e1e99faafc177e54a33d\">swish factory n\u00fcrnberg<\/h1>\n\n\n\n<h2 class=\"wp-block-heading has-ast-global-color-5-color has-text-color has-link-color wp-elements-9cf801f6b79cb3a87d08469bb180eaea\"><strong>Basketball f\u00fcr alle.<\/strong><\/h2>\n\n\n\n<h3 class=\"wp-block-heading has-ast-global-color-4-color has-text-color has-link-color wp-elements-944c57d4566d81aa5b52ef064dcdf80b\">Community. Entwicklung. Soziales Wachstum. Mitten in N\u00fcrnberg.<br><\/h3>\n\n\n\n<div class=\"wp-block-buttons is-layout-flex wp-block-buttons-is-layout-flex\">\n<div class=\"wp-block-button is-style-fill\"><a class=\"wp-block-button__link has-text-align-center wp-element-button\" href=\"#getupdates\"><strong>Bleibe up to date: <br>Jetzt Newsletter abonnieren!<\/strong><\/a><\/div>\n<\/div>\n\n\n\n<h2 class=\"wp-block-heading has-ast-global-color-3-color has-text-color has-link-color wp-elements-bfd91d8a3dc72ca9535843154ea05ab3\">Was ist die swish factory?<\/h2>\n\n\n\n<p class=\"has-ast-global-color-5-color has-text-color has-link-color wp-elements-cd05e315b2522d86ef5a5aef651208f1\">Die swish factory ist eine professionelle Basketball-Indoor Trainingsfl\u00e4che in N\u00fcrnberg mit modernen Trainingsger\u00e4ten, Profik\u00f6rben und hochwertiger Ausstattung. Als Social Business wollen wir eine offene Heimat f\u00fcr Basketball schaffen \u2013 ein Community Space f\u00fcr Training, Begegnung und Teilhabe, unabh\u00e4ngig&nbsp;vom&nbsp;Geldbeutel.<\/p>\n\n\n\n<figure class=\"wp-block-image size-large\"><img loading=\"lazy\" decoding=\"async\" width=\"1024\" height=\"512\" src=\"https:\/\/swishfactory.de\/wp-content\/uploads\/2025\/12\/8-1024x512.png\" alt=\"\" class=\"wp-image-43\" srcset=\"https:\/\/swishfactory.de\/wp-content\/uploads\/2025\/12\/8-1024x512.png 1024w, https:\/\/swishfactory.de\/wp-content\/uploads\/2025\/12\/8-300x150.png 300w, https:\/\/swishfactory.de\/wp-content\/uploads\/2025\/12\/8-768x384.png 768w, https:\/\/swishfactory.de\/wp-content\/uploads\/2025\/12\/8-1536x768.png 1536w, https:\/\/swishfactory.de\/wp-content\/uploads\/2025\/12\/8-2048x1024.png 2048w\" sizes=\"auto, (max-width: 1024px) 100vw, 1024px\" \/><\/figure>\n\n\n\n<h2 class=\"wp-block-heading has-ast-global-color-3-color has-text-color has-link-color wp-elements-5ca9e3d1ab21f0910ed7671c35b6058b\">Mehr als eine Sporthalle<\/h2>\n\n\n\n<p class=\"has-text-align-left has-ast-global-color-5-color has-text-color has-link-color wp-elements-a40467172b942f5f50092a4ca68b45d3\">Die <strong>Swish Factory<\/strong> ist ein offener Ort f\u00fcr Basketball \u2013 und f\u00fcr Menschen.<br>Hier trainierst du, triffst Gleichgesinnte und w\u00e4chst \u00fcber dich hinaus.<\/p>\n\n\n\n<ul class=\"wp-block-list has-ast-global-color-5-color has-text-color has-link-color wp-elements-1bcfdbdf95f3efffc1d73ac753e64db9\">\n<li><strong>gemeinwohlorientiert gedacht.<\/strong><\/li>\n\n\n\n<li><strong>erg\u00e4nzend zu Vereinen.<\/strong><\/li>\n\n\n\n<li><strong>offen f\u00fcr jedes Alter und jedes Level.<\/strong><\/li>\n<\/ul>\n\n\n\n<p class=\"has-ast-global-color-5-color has-text-color has-link-color wp-elements-87749710603ca52d27af067dc60f279c\">Es geht nicht nur um Punkte.<br>Es geht um das gemeinsame Erlebnis.<\/p>\n\n\n\n<h2 class=\"wp-block-heading has-ast-global-color-1-color has-text-color has-link-color wp-elements-9cfc45ccb8472073a6d2b5139e2b1eaf\">Warum Swish Factory?<\/h2>\n\n\n\n<p class=\"has-ast-global-color-0-color has-text-color has-link-color wp-elements-695cc5a6912dd17cd01a8783e84e0124\">Basketball kann mehr als Leistung.<br>Er verbindet, er\u00f6ffnet Perspektiven und st\u00e4rkt Gemeinschaft.<\/p>\n\n\n\n<p class=\"has-ast-global-color-5-color has-text-color has-link-color wp-elements-97b7400ba0f777cafe4d23d3701adef7\">Die Swish Factory entsteht als <strong>offener Community-Space<\/strong>,<br>der individuelle Entwicklung f\u00f6rdert und soziale Verantwortung \u00fcbernimmt.<\/p>\n\n\n\n<h5 class=\"wp-block-heading has-ast-global-color-5-color has-text-color has-link-color wp-elements-1dfabd42cf999f3b80d3f9d4fa6a6163\">Kurz gesagt:<\/h5>\n\n\n\n<ul class=\"wp-block-list\">\n<li class=\"has-ast-global-color-5-color has-text-color has-link-color wp-elements-e7f8a92af4f0209ce8b8bcadb1ab2d09\"><strong>gemeinwohlorientiert<\/strong>: Jede Nutzung unterst\u00fctzt soziale Trainingsangebote<\/li>\n\n\n\n<li class=\"has-ast-global-color-5-color has-text-color has-link-color wp-elements-67b7403d2f66b10c6c2eb0fc1807f6bf\"><strong>f\u00fcr Kinder, Jugendliche &amp; Familien<\/strong>: Hochwertiges Training \u2013 unabh\u00e4ngig von Herkunft, Budget oder Vereinsstatus<\/li>\n\n\n\n<li class=\"has-ast-global-color-5-color has-text-color has-link-color wp-elements-bc3cf465852ef7297eb42c793b0b0a5a\"><strong>f\u00fcr Schulen &amp; Vereine<\/strong>: H\u00f6henverstellbare K\u00f6rbe f\u00fcr altersgerechtes Training<\/li>\n\n\n\n<li class=\"has-ast-global-color-5-color has-text-color has-link-color wp-elements-0cc5a662dab342c29501db1bb805a783\"><strong>f\u00fcr alle Spielniveaus<\/strong>: Von Einsteiger:in bis ambitionierte Spieler:in<\/li>\n<\/ul>\n\n\n\n<h2 class=\"wp-block-heading has-ast-global-color-3-color has-text-color has-link-color wp-elements-46969a582e7d5bc09ad83fa0b5c887ad\">Angebote und Features<\/h2>\n\n\n\n<ul class=\"wp-block-list\">\n<li class=\"has-ast-global-color-5-color has-text-color has-link-color wp-elements-6409755ba6197919c87d601f20e37a1b\">Indoor-Court &amp; Trainingsfl\u00e4chen<\/li>\n\n\n\n<li class=\"has-ast-global-color-5-color has-text-color has-link-color wp-elements-45f61acf410d1074e6000f0f895242b2\">individuelle Trainingsm\u00f6glichkeiten<\/li>\n\n\n\n<li class=\"has-ast-global-color-5-color has-text-color has-link-color wp-elements-76916935ceb2c3ba001095c37cc8576b\">Feriencamps &amp; Workshops<\/li>\n\n\n\n<li class=\"has-ast-global-color-5-color has-text-color has-link-color wp-elements-af21b9b86eff58e197eceb0c6131aa35\">Community-Events &amp; Vereins-Support<\/li>\n\n\n\n<li class=\"has-ast-global-color-5-color has-text-color has-link-color wp-elements-d295d543c51c1cdf51f2e942831f05e4\">Solidarit\u00e4tsfonds<\/li>\n<\/ul>\n\n\n\n<p class=\"has-ast-global-color-5-color has-text-color has-link-color wp-elements-06d4874dfbac120853cab598322392f6\">Alles an einem Ort.<br>Alles f\u00fcr die Community.<\/p>\n\n\n\n<figure class=\"wp-block-image size-large\"><img loading=\"lazy\" decoding=\"async\" width=\"1024\" height=\"512\" src=\"https:\/\/swishfactory.de\/wp-content\/uploads\/2025\/12\/1-1024x512.png\" alt=\"\" class=\"wp-image-45\" srcset=\"https:\/\/swishfactory.de\/wp-content\/uploads\/2025\/12\/1-1024x512.png 1024w, https:\/\/swishfactory.de\/wp-content\/uploads\/2025\/12\/1-300x150.png 300w, https:\/\/swishfactory.de\/wp-content\/uploads\/2025\/12\/1-768x384.png 768w, https:\/\/swishfactory.de\/wp-content\/uploads\/2025\/12\/1-1536x768.png 1536w, https:\/\/swishfactory.de\/wp-content\/uploads\/2025\/12\/1-2048x1024.png 2048w\" sizes=\"auto, (max-width: 1024px) 100vw, 1024px\" \/><\/figure>\n\n\n\n<h2 class=\"wp-block-heading has-ast-global-color-1-color has-text-color has-link-color wp-elements-b938a15954801166bb1b2a7244035902\">Deine Meinung z\u00e4hlt!<\/h2>\n\n\n\n<p class=\"has-ast-global-color-5-color has-text-color has-link-color wp-elements-1aabb966ad26ca40899026347d15afe6\">Die swish factory entsteht <strong>gemeinsam mit der Basketball-Community<\/strong>.<br>Dein Feedback hilft uns, ein Angebot zu schaffen, das wirklich gebraucht wird.<\/p>\n\n\n\n<div class=\"wp-block-buttons is-layout-flex wp-block-buttons-is-layout-flex\">\n<div class=\"wp-block-button has-custom-width wp-block-button__width-50 is-style-fill\"><a class=\"wp-block-button__link has-ast-global-color-2-color has-ast-global-color-3-background-color has-text-color has-background has-link-color wp-element-button\" href=\"http:\/\/t1p.de\/aoz1d\" target=\"_blank\" rel=\"noreferrer noopener\"><strong>Nimm jetzt an der Umfrage teil!<\/strong><\/a><\/div>\n<\/div>\n\n\n\n<h2 class=\"wp-block-heading has-ast-global-color-1-color has-text-color has-link-color wp-elements-dc08a5c14e068ae28539cf706897a055\">Partner &amp; Support<\/h2>\n\n\n\n<p class=\"has-ast-global-color-5-color has-text-color has-link-color wp-elements-b1c9191501d95012608b37cee6c6480c\">Die swish factory befindet sich aktuell im Aufbau.<br>Wir freuen uns \u00fcber Partnerschaften mit:<\/p>\n\n\n\n<ul class=\"wp-block-list\">\n<li class=\"has-ast-global-color-4-color has-text-color has-link-color wp-elements-788803cc6cb5e8492e9d9b2f36b03b61\">Schulen<\/li>\n\n\n\n<li class=\"has-ast-global-color-4-color has-text-color has-link-color wp-elements-c78b7fda9358a064cacf5875749cea4c\">Vereinen<\/li>\n\n\n\n<li class=\"has-ast-global-color-4-color has-text-color has-link-color wp-elements-12dacca3a8f67b7f60f8aa1e28371c12\">Unternehmen<\/li>\n\n\n\n<li class=\"has-ast-global-color-4-color has-text-color has-link-color wp-elements-ef1e8ffaf1e53dda910b850bf10ebb00\">engagierten Einzelpersonen<\/li>\n<\/ul>\n\n\n\n<p><strong>Gemeinsam st\u00e4rken wir Basketball in N\u00fcrnberg &#8211; nachhaltig und offen.<\/strong><\/p>\n\n\n\n<blockquote class=\"wp-block-quote is-layout-flow wp-block-quote-is-layout-flow\">\n<p class=\"has-ast-global-color-5-color has-text-color has-link-color wp-elements-0ac0d24be76af98bb15fbc99e58b48bf\">&#x1f449; <strong>Interesse an einer Zusammenarbeit?<\/strong><br><strong>Schreib uns: <a href=\"nils@swishfactory.de\">nils@swishfactory.de<\/a><\/strong><\/p>\n<\/blockquote>\n\n\n\n<div class=\"wp-block-noptin-email-optin has-ast-global-color-5-color has-ast-global-color-2-background-color has-text-color has-background has-link-color has-medium-font-size wp-elements-052a2f1d41b24e6de6ab2415e18a5661\" style=\"min-height:0px\"><form><div class=\"noptin-block-form-header\">\n<h2 class=\"wp-block-heading has-text-align-left has-ast-global-color-3-color has-text-color has-link-color wp-elements-be6cd8997032601033e7f5df54effaf5\" id=\"getupdates\">get updates<\/h2>\n\n\n\n<p class=\"has-text-align-left has-ast-global-color-5-color has-text-color has-link-color wp-elements-e0e4142ac2b7720c11ed2a36d032d366\"><strong>Bleib auf dem Laufenden.<\/strong> <br>Melde dich f\u00fcr unseren Newsletter an und erhalte Neuigkeiten, Events und Einblicke hinter die Kulissen.<\/p>\n\n\n\n<p><strong>swish factory \u2013 dein Zuhause f\u00fcr Basketball.<\/strong><br>In N\u00fcrnberg. F\u00fcr Bayern. F\u00fcr alle.<\/p>\n<\/div><div class=\"noptin-block-form-footer\"><input type=\"email\" class=\"noptin_form_input_email\" placeholder=\"Email Address\" name=\"noptin_fields[email]\" required\/><input value=\"Jetzt abonnieren!\" type=\"submit\" class=\"noptin_form_submit wp-element-button\"\/><\/div><div class=\"noptin-form-notice noptin-response\" role=\"alert\"><\/div><input type=\"hidden\" name=\"source\" value=\"block\"\/><\/form><\/div>\n\n\n\n<ul class=\"wp-block-social-links has-large-icon-size is-content-justification-center is-layout-flex wp-container-core-social-links-is-layout-a89b3969 wp-block-social-links-is-layout-flex\"><li class=\"wp-social-link wp-social-link-instagram  wp-block-social-link\"><a href=\"https:\/\/www.instagram.com\/swish.nbg\/\" class=\"wp-block-social-link-anchor\"><svg width=\"24\" height=\"24\" viewBox=\"0 0 24 24\" version=\"1.1\" xmlns=\"http:\/\/www.w3.org\/2000\/svg\" aria-hidden=\"true\" focusable=\"false\"><path d=\"M12,4.622c2.403,0,2.688,0.009,3.637,0.052c0.877,0.04,1.354,0.187,1.671,0.31c0.42,0.163,0.72,0.358,1.035,0.673 c0.315,0.315,0.51,0.615,0.673,1.035c0.123,0.317,0.27,0.794,0.31,1.671c0.043,0.949,0.052,1.234,0.052,3.637 s-0.009,2.688-0.052,3.637c-0.04,0.877-0.187,1.354-0.31,1.671c-0.163,0.42-0.358,0.72-0.673,1.035 c-0.315,0.315-0.615,0.51-1.035,0.673c-0.317,0.123-0.794,0.27-1.671,0.31c-0.949,0.043-1.233,0.052-3.637,0.052 s-2.688-0.009-3.637-0.052c-0.877-0.04-1.354-0.187-1.671-0.31c-0.42-0.163-0.72-0.358-1.035-0.673 c-0.315-0.315-0.51-0.615-0.673-1.035c-0.123-0.317-0.27-0.794-0.31-1.671C4.631,14.688,4.622,14.403,4.622,12 s0.009-2.688,0.052-3.637c0.04-0.877,0.187-1.354,0.31-1.671c0.163-0.42,0.358-0.72,0.673-1.035 c0.315-0.315,0.615-0.51,1.035-0.673c0.317-0.123,0.794-0.27,1.671-0.31C9.312,4.631,9.597,4.622,12,4.622 M12,3 C9.556,3,9.249,3.01,8.289,3.054C7.331,3.098,6.677,3.25,6.105,3.472C5.513,3.702,5.011,4.01,4.511,4.511 c-0.5,0.5-0.808,1.002-1.038,1.594C3.25,6.677,3.098,7.331,3.054,8.289C3.01,9.249,3,9.556,3,12c0,2.444,0.01,2.751,0.054,3.711 c0.044,0.958,0.196,1.612,0.418,2.185c0.23,0.592,0.538,1.094,1.038,1.594c0.5,0.5,1.002,0.808,1.594,1.038 c0.572,0.222,1.227,0.375,2.185,0.418C9.249,20.99,9.556,21,12,21s2.751-0.01,3.711-0.054c0.958-0.044,1.612-0.196,2.185-0.418 c0.592-0.23,1.094-0.538,1.594-1.038c0.5-0.5,0.808-1.002,1.038-1.594c0.222-0.572,0.375-1.227,0.418-2.185 C20.99,14.751,21,14.444,21,12s-0.01-2.751-0.054-3.711c-0.044-0.958-0.196-1.612-0.418-2.185c-0.23-0.592-0.538-1.094-1.038-1.594 c-0.5-0.5-1.002-0.808-1.594-1.038c-0.572-0.222-1.227-0.375-2.185-0.418C14.751,3.01,14.444,3,12,3L12,3z M12,7.378 c-2.552,0-4.622,2.069-4.622,4.622S9.448,16.622,12,16.622s4.622-2.069,4.622-4.622S14.552,7.378,12,7.378z M12,15 c-1.657,0-3-1.343-3-3s1.343-3,3-3s3,1.343,3,3S13.657,15,12,15z M16.804,6.116c-0.596,0-1.08,0.484-1.08,1.08 s0.484,1.08,1.08,1.08c0.596,0,1.08-0.484,1.08-1.08S17.401,6.116,16.804,6.116z\"><\/path><\/svg><span class=\"wp-block-social-link-label screen-reader-text\">Instagram<\/span><\/a><\/li><\/ul>\n\n\n\n<p><\/p>\n","protected":false},"excerpt":{"rendered":"<p>swish factory n\u00fcrnberg Basketball f\u00fcr alle. Community. Entwicklung. Soziales Wachstum. Mitten in N\u00fcrnberg. Was ist die swish factory? Die swish [&hellip;]<\/p>\n","protected":false},"author":1,"featured_media":0,"parent":0,"menu_order":0,"comment_status":"closed","ping_status":"open","template":"","meta":{"site-sidebar-layout":"default","site-content-layout":"","ast-site-content-layout":"default","site-content-style":"default","site-sidebar-style":"default","ast-global-header-display":"","ast-banner-title-visibility":"","ast-main-header-display":"","ast-hfb-above-header-display":"","ast-hfb-below-header-display":"","ast-hfb-mobile-header-display":"","site-post-title":"","ast-breadcrumbs-content":"","ast-featured-img":"","footer-sml-layout":"","ast-disable-related-posts":"","theme-transparent-header-meta":"","adv-header-id-meta":"","stick-header-meta":"","header-above-stick-meta":"","header-main-stick-meta":"","header-below-stick-meta":"","astra-migrate-meta-layouts":"default","ast-page-background-enabled":"default","ast-page-background-meta":{"desktop":{"background-color":"var(--ast-global-color-5)","background-image":"","background-repeat":"repeat","background-position":"center center","background-size":"auto","background-attachment":"scroll","background-type":"","background-media":"","overlay-type":"","overlay-color":"","overlay-opacity":"","overlay-gradient":""},"tablet":{"background-color":"","background-image":"","background-repeat":"repeat","background-position":"center center","background-size":"auto","background-attachment":"scroll","background-type":"","background-media":"","overlay-type":"","overlay-color":"","overlay-opacity":"","overlay-gradient":""},"mobile":{"background-color":"","background-image":"","background-repeat":"repeat","background-position":"center center","background-size":"auto","background-attachment":"scroll","background-type":"","background-media":"","overlay-type":"","overlay-color":"","overlay-opacity":"","overlay-gradient":""}},"ast-content-background-meta":{"desktop":{"background-color":"var(--ast-global-color-4)","background-image":"","background-repeat":"repeat","background-position":"center center","background-size":"auto","background-attachment":"scroll","background-type":"","background-media":"","overlay-type":"","overlay-color":"","overlay-opacity":"","overlay-gradient":""},"tablet":{"background-color":"var(--ast-global-color-4)","background-image":"","background-repeat":"repeat","background-position":"center center","background-size":"auto","background-attachment":"scroll","background-type":"","background-media":"","overlay-type":"","overlay-color":"","overlay-opacity":"","overlay-gradient":""},"mobile":{"background-color":"var(--ast-global-color-4)","background-image":"","background-repeat":"repeat","background-position":"center center","background-size":"auto","background-attachment":"scroll","background-type":"","background-media":"","overlay-type":"","overlay-color":"","overlay-opacity":"","overlay-gradient":""}},"footnotes":""},"class_list":["post-2","page","type-page","status-publish","hentry"],"_links":{"self":[{"href":"https:\/\/swishfactory.de\/index.php?rest_route=\/wp\/v2\/pages\/2","targetHints":{"allow":["GET"]}}],"collection":[{"href":"https:\/\/swishfactory.de\/index.php?rest_route=\/wp\/v2\/pages"}],"about":[{"href":"https:\/\/swishfactory.de\/index.php?rest_route=\/wp\/v2\/types\/page"}],"author":[{"embeddable":true,"href":"https:\/\/swishfactory.de\/index.php?rest_route=\/wp\/v2\/users\/1"}],"replies":[{"embeddable":true,"href":"https:\/\/swishfactory.de\/index.php?rest_route=%2Fwp%2Fv2%2Fcomments&post=2"}],"version-history":[{"count":30,"href":"https:\/\/swishfactory.de\/index.php?rest_route=\/wp\/v2\/pages\/2\/revisions"}],"predecessor-version":[{"id":54,"href":"https:\/\/swishfactory.de\/index.php?rest_route=\/wp\/v2\/pages\/2\/revisions\/54"}],"wp:attachment":[{"href":"https:\/\/swishfactory.de\/index.php?rest_route=%2Fwp%2Fv2%2Fmedia&parent=2"}],"curies":[{"name":"wp","href":"https:\/\/api.w.org\/{rel}","templated":true}]}}